{"id":1638,"date":"2016-03-23T18:38:34","date_gmt":"2016-03-23T17:38:34","guid":{"rendered":"http:\/\/www.masiaartesana.com\/?page_id=1638"},"modified":"2016-09-22T19:16:30","modified_gmt":"2016-09-22T17:16:30","slug":"familia","status":"publish","type":"page","link":"https:\/\/www.masiaartesana.com\/es\/familia\/","title":{"rendered":"FAMILIA"},"content":{"rendered":"<div class=\"fusion-fullwidth fullwidth-box fusion-fullwidth-1  fusion-parallax-none nonhundred-percent-fullwidth empresa-masia\" style=\"border-color:#eae9e9;border-bottom-width: 0px;border-top-width: 0px;border-bottom-style: solid;border-top-style: solid;padding-bottom:50px;padding-top:75px;padding-left:;padding-right:;background-color:#ffffff;\"><style type=\"text\/css\" scoped=\"scoped\">.fusion-fullwidth-1 {\n                            padding-left: px !important;\n                            padding-right: px !important;\n                        }<\/style><div class=\"fusion-row\"><div class=\"fusion-one-half fusion-layout-column fusion-spacing-yes text\" style=\"margin-top:0px;margin-bottom:20px;\"><div class=\"fusion-column-wrapper fusion-animated\" data-animationType=\"fadeInRight\" data-animationDuration=\"0.3\" data-animationOffset=\"100%\"><p><span style=\"line-height: 1.5;\">Las ra\u00edces de nuestra familia que nacen con la agricultura hace m\u00e1s de 8 generaciones se han ido fortaleciendo con la cr\u00eda de ganado cuando, Rosa y Mateu en 1958, empezaron a integrar la agricultura y la ganader\u00eda en nuestro pueblo Juneda. Enclavado en la comarca de Les Garrigues, es lugar de personas comprometidas con lo que hacemos, nieblas intensas, g\u00e9lidos fr\u00edos y producciones agro ganaderas excepcionales. Su gran aceite, la excelente fruta, frutos secos, forrajes y cereales nos permite ofrecer carnes, verduras y alimentos de gran calidad, directos del agricultor y de toda confianza.<\/span><\/p>\n<p><span style=\"line-height: 1.5;\">La <strong>Familia Tero<\/strong> con todos estos activos alimentarios de Km.0, en ambiente sano y de absoluta confianza, os ofrecemos \u00a0desde carnes frescas de cerdos criados por nosotros como alimentos para fitness, platos familiares, platos individuales, propuestas para decorar ensaladas, tapas de nuestros productos, salsas, etc.<\/span><\/p>\n<p><span style=\"line-height: 1.5;\">Nuestro objetivo es la plena satisfacci\u00f3n del cliente, proporcion\u00e1ndole todo lo que hemos cultivado durante a\u00f1os ahora con formatos y presentaciones actuales, y siendo como en nuestras ra\u00edces, comprometidos y respetuosos con el medio ambiente.<\/span><\/p>\n<div class=\"fusion-clearfix\"><\/div><\/div><\/div><div class=\"fusion-one-half fusion-layout-column fusion-column-last fusion-spacing-yes\" style=\"margin-top:0px;margin-bottom:20px;\"><div class=\"fusion-column-wrapper fusion-animated\" data-animationType=\"fadeInLeft\" data-animationDuration=\"0.3\" data-animationOffset=\"100%\"><span class=\"fusion-imageframe imageframe-none imageframe-1 hover-type-none\"> <img src=\"http:\/\/www.masiaartesana.com\/wp-content\/uploads\/2016\/03\/familia-tero.jpg\" alt=\"\" class=\"img-responsive\"\/><\/span><div class=\"fusion-clearfix\"><\/div><\/div><\/div><div class=\"fusion-clearfix\"><\/div><\/div><\/div><div class=\"fusion-fullwidth fullwidth-box fusion-fullwidth-2  fusion-parallax-none hundred-percent-fullwidth empresa-masia timeline\" style=\"border-color:#eae9e9;border-bottom-width: 0px;border-top-width: 0px;border-bottom-style: solid;border-top-style: solid;padding-bottom:0px;padding-top:40px;padding-left:;padding-right:;background-color:#efefef;\"><style type=\"text\/css\" scoped=\"scoped\">.fusion-fullwidth-2 {\n                            padding-left: px !important;\n                            padding-right: px !important;\n                        }<\/style><div class=\"fusion-row\"><div class=\"fusion-one-full fusion-layout-column fusion-column-last fusion-spacing-yes text\" style=\"margin-top:0px;margin-bottom:20px;\"><div class=\"fusion-column-wrapper fusion-animated\" data-animationType=\"fadeInRight\" data-animationDuration=\"0.3\" data-animationOffset=\"100%\">\n    <div id=\"timeline-embed\"><\/div>\n    <script type=\"text\/javascript\">\/\/ <![CDATA[\n        var timeline_config = {\n            width: \"100%\",\n            height: \"600\",\n            source: \"https:\/\/docs.google.com\/spreadsheets\/d\/1Mnx0RZ3N5VDSXNpmbEDDesoGg2DUZoK0KfeQHzFeCG4\/edit#gid=0\",\n            embed_id: \"timeline-embed\",\n            start_at_end: false,\n            start_at_slide: \"0\",\n            start_zoom_adjust: \"\",\n            initial_zoom:\"2\",\n            hash_bookmark: false,\n            font: \"Default\",\n            debug: false,\n            lang: \"es\",\n\t\t\tmaptype: \"\",\n\t\t\tscript_path: \"https:\/\/www.masiaartesana.com\/wp-content\/plugins\/knight-lab-timelinejs\/v3\/js\/\"\n        }\n\/\/ ]]><\/script>\n        \n<div class=\"fusion-clearfix\"><\/div><\/div><\/div><div class=\"fusion-clearfix\"><\/div><\/div><\/div><div class=\"fusion-fullwidth fullwidth-box fusion-fullwidth-3  fusion-parallax-none nonhundred-percent-fullwidth fusion-equal-height-columns tradicion-masia\" style=\"border-color:#eae9e9;border-bottom-width: 0px;border-top-width: 0px;border-bottom-style: solid;border-top-style: solid;padding-bottom:60px;padding-top:100px;padding-left:;padding-right:;background-color:#965e15;background-position:right center;background-repeat:no-repeat;-webkit-background-size:cover;-moz-background-size:cover;-o-background-size:cover;background-size:cover;-ms-filter: &quot;progid:DXImageTransform.Microsoft.AlphaImageLoader(src=&#039;http:\/\/www.masiaartesana.com\/wp-content\/uploads\/2014\/12\/fons-familia.jpg&#039;, sizingMethod=&#039;scale&#039;)&quot;;background-image: url(http:\/\/www.masiaartesana.com\/wp-content\/uploads\/2014\/12\/fons-familia.jpg);\"><style type=\"text\/css\" scoped=\"scoped\">.fusion-fullwidth-3 {\n                            padding-left: px !important;\n                            padding-right: px !important;\n                        }<\/style><div class=\"fusion-row\"><div class=\"fusion-one-fourth fusion-layout-column fusion-spacing-yes logo-familia-tradicion\" style=\"margin-top:0px;margin-bottom:20px;\"><div class=\"fusion-column-wrapper fusion-animated\" data-animationType=\"fadeInLeft\" data-animationDuration=\"0.3\" data-animationOffset=\"100%\"><span class=\"fusion-imageframe imageframe-none imageframe-2 hover-type-none sello-familia\"> <img src=\"http:\/\/www.masiaartesana.com\/wp-content\/uploads\/2014\/12\/fgamilia-logo.png\" alt=\"\" class=\"img-responsive\"\/><\/span><div class=\"fusion-clearfix\"><\/div><\/div><\/div><div class=\"fusion-three-fourth fusion-layout-column fusion-column-last fusion-spacing-yes familia-titular\" style=\"margin-top:0px;margin-bottom:20px;\"><div class=\"fusion-column-wrapper fusion-animated\" data-animationType=\"fadeInRight\" data-animationDuration=\"0.3\" data-animationOffset=\"100%\"><div class=\"fusion-column-table\"><div class=\"fusion-column-tablecell\"><div class=\"fusion-title title fusion-sep-none fusion-title-size-three\" style=\"margin-top:0px;margin-bottom:0px;\"><h3 class=\"title-heading-left\">\n<h3><span style=\"color: #ffffff;\">CON LA GARANT\u00cdA DE LA FAMILIA TERO<\/span><\/h3>\n<\/h3><\/div><div class=\"fusion-clearfix\"><\/div><\/div><\/div><\/div><\/div><div class=\"fusion-clearfix\"><\/div><\/div><\/div>\n","protected":false},"excerpt":{"rendered":"","protected":false},"author":4,"featured_media":0,"parent":0,"menu_order":20,"comment_status":"closed","ping_status":"closed","template":"","meta":{"_monsterinsights_skip_tracking":false,"_monsterinsights_sitenote_active":false,"_monsterinsights_sitenote_note":"","_monsterinsights_sitenote_category":0},"_links":{"self":[{"href":"https:\/\/www.masiaartesana.com\/es\/wp-json\/wp\/v2\/pages\/1638"}],"collection":[{"href":"https:\/\/www.masiaartesana.com\/es\/wp-json\/wp\/v2\/pages"}],"about":[{"href":"https:\/\/www.masiaartesana.com\/es\/wp-json\/wp\/v2\/types\/page"}],"author":[{"embeddable":true,"href":"https:\/\/www.masiaartesana.com\/es\/wp-json\/wp\/v2\/users\/4"}],"replies":[{"embeddable":true,"href":"https:\/\/www.masiaartesana.com\/es\/wp-json\/wp\/v2\/comments?post=1638"}],"version-history":[{"count":0,"href":"https:\/\/www.masiaartesana.com\/es\/wp-json\/wp\/v2\/pages\/1638\/revisions"}],"wp:attachment":[{"href":"https:\/\/www.masiaartesana.com\/es\/wp-json\/wp\/v2\/media?parent=1638"}],"curies":[{"name":"wp","href":"https:\/\/api.w.org\/{rel}","templated":true}]}}