{"id":4,"date":"2014-12-10T15:55:00","date_gmt":"2014-12-10T14:55:00","guid":{"rendered":"http:\/\/theme-fusion.com\/avada_demos_xml\/fashion\/?page_id=4"},"modified":"2021-06-06T19:10:19","modified_gmt":"2021-06-06T17:10:19","slug":"inicio","status":"publish","type":"page","link":"https:\/\/www.masiaartesana.com\/es\/","title":{"rendered":"INICIO"},"content":{"rendered":"<div class=\"fusion-fullwidth fullwidth-box fusion-fullwidth-1  fusion-parallax-none nonhundred-percent-fullwidth natural-inicio\" style=\"border-color:#eae9e9;border-bottom-width: 0px;border-top-width: 0px;border-bottom-style: solid;border-top-style: solid;padding-bottom:50px;padding-top:75px;padding-left:;padding-right:;background-color:#ffffff;\"><style type=\"text\/css\" scoped=\"scoped\">.fusion-fullwidth-1 {\n                            padding-left: px !important;\n                            padding-right: px !important;\n                        }<\/style><div class=\"fusion-row\"><div class=\"fusion-one-half fusion-layout-column fusion-spacing-yes\" style=\"margin-top:0px;margin-bottom:20px;\"><div class=\"fusion-column-wrapper fusion-animated\" data-animationType=\"fadeInLeft\" data-animationDuration=\"0.3\" data-animationOffset=\"100%\"><span class=\"fusion-imageframe imageframe-none imageframe-1 hover-type-none\"> <img src=\"http:\/\/www.masiaartesana.com\/wp-content\/uploads\/2014\/12\/masia-1.jpg\" alt=\"\" class=\"img-responsive\"\/><\/span><div class=\"fusion-clearfix\"><\/div><\/div><\/div><div class=\"fusion-one-half fusion-layout-column fusion-column-last fusion-spacing-yes text\" style=\"margin-top:0px;margin-bottom:20px;\"><div class=\"fusion-column-wrapper fusion-animated\" data-animationType=\"fadeInRight\" data-animationDuration=\"0.3\" data-animationOffset=\"100%\"><div class=\"fusion-title title fusion-sep-none fusion-title-size-three\" style=\"margin-top:0px;margin-bottom:0px;\"><h3 class=\"title-heading-left\">Tradici\u00f3n, calidad, servicio y flexibilidad<\/h3><\/div><p>Desde los inicios en <strong>Familia Tero<\/strong> hemos apostado por la calidad de nuestros productos, es por eso que prestamos una especial atenci\u00f3n a todas las etapas de producci\u00f3n, desde el nacimiento de las cr\u00edas, su crecimiento, alimentaci\u00f3n, como en todo el proceso de matanza y despiece. Para ello realizamos una selecci\u00f3n gen\u00e9tica que nos permite la cr\u00eda de ejemplares de la raza Duroc de alta calidad, juntamente con la cr\u00eda en libertad en un entorno natural y tranquilo.<\/p>\n<p>El crecimiento de los animales se realiza en nuestras propias granjas siguiendo estrictos protocolos de calidad higi\u00e9nica, constante control m\u00e9dico de todos los animales y una alimentaci\u00f3n variada y de primera calidad para conseguir carnes con un alto nivel de grasas infiltradas y un \u00edndice bajo de grasas saturadas que se traducen en carnes con un color y textura diferentes, un sabor mucho m\u00e1s suave y un alto valor nutritivo y saludable.<\/p>\n<p>Pero, sabemos que no solo con un buen producto se consigue el \u00e9xito, es por eso que en <strong>Familia Tero<\/strong> ponemos el mismo \u00e9nfasis en la calidad de nuestros productos como en el servicio al cliente, cercano, atento y siempre dispuesto.<\/p>\n<p>Nuestro sistema de producci\u00f3n nos permite trabajar de manera personalizada para cada cliente, atender a sus necesidades de personalizaci\u00f3n y ejecutar producciones de capacidades muy variables en el menor tiempo posible.<\/p>\n<div class=\"fusion-clearfix\"><\/div><\/div><\/div><div class=\"fusion-clearfix\"><\/div><\/div><\/div><div class=\"fusion-fullwidth fullwidth-box fusion-fullwidth-2  fusion-parallax-none nonhundred-percent-fullwidth valors-inicio\" style=\"border-color:#eae9e9;border-bottom-width: 0px;border-top-width: 0px;border-bottom-style: solid;border-top-style: solid;padding-bottom:50px;padding-top:70px;padding-left:;padding-right:;background-color:#e2e1df;\"><style type=\"text\/css\" scoped=\"scoped\">.fusion-fullwidth-2 {\n                            padding-left: px !important;\n                            padding-right: px !important;\n                        }<\/style><div class=\"fusion-row\"><div class=\"fusion-title title fusion-sep-none fusion-title-center fusion-title-size-three\" style=\"margin-top:0px;margin-bottom:0px;\"><h3 class=\"title-heading-center\">Misi\u00f3n, visi\u00f3n, valores<\/h3><\/div><div class=\"fusion-one-third fusion-layout-column fusion-spacing-yes valors-col\" style=\"margin-top:0px;margin-bottom:20px;\"><div class=\"fusion-column-wrapper\"><div class=\"imageframe-align-center\"><span class=\"fusion-imageframe imageframe-none imageframe-2 hover-type-none valors-imatge\"> <img src=\"http:\/\/www.masiaartesana.com\/wp-content\/uploads\/2014\/12\/mision.jpg\" alt=\"\" class=\"img-responsive\"\/><\/span><\/div><h4>MISI\u00d3N<\/h4>\n<p>En <strong>Familia Tero<\/strong> somos una familia de agricultores que queremos ofrecer platos y soluciones de consumo, carne ecol\u00f3gica, ib\u00e9rica y de nuestro cerdo Duroc, nutritivos, sanos y equilibrados, libres de conservantes y colorantes, siempre con una caracter\u00edstica en com\u00fan: la plena satisfacci\u00f3n del cliente.<\/p>\n<div class=\"fusion-clearfix\"><\/div><\/div><\/div><div class=\"fusion-one-third fusion-layout-column fusion-spacing-yes valors-col\" style=\"margin-top:0px;margin-bottom:20px;\"><div class=\"fusion-column-wrapper\"><div class=\"imageframe-align-center\"><span class=\"fusion-imageframe imageframe-none imageframe-3 hover-type-none valors-imatge\"> <img src=\"http:\/\/www.masiaartesana.com\/wp-content\/uploads\/2014\/12\/visio.jpg\" alt=\"\" class=\"img-responsive\"\/><\/span><\/div><h4>VISI\u00d3N<\/h4>\n<p>En <strong>Familia Tero<\/strong> queremos convertirnos en un referente en el desarrollo y elaboraci\u00f3n de platos precocinados, carne ecol\u00f3gica, ib\u00e9rica y de nuestra gen\u00e9tica Duroc elaborando productos a medida de las necesidades del cliente sin colorantes ni conservantes, hechos a partir de ingredientes naturales, frescos y de primera calidad.<\/p>\n<div class=\"fusion-clearfix\"><\/div><\/div><\/div><div class=\"fusion-one-third fusion-layout-column fusion-column-last fusion-spacing-yes valors-col\" style=\"margin-top:0px;margin-bottom:20px;\"><div class=\"fusion-column-wrapper\"><div class=\"imageframe-align-center\"><span class=\"fusion-imageframe imageframe-none imageframe-4 hover-type-none valors-imatge\"> <img src=\"http:\/\/www.masiaartesana.com\/wp-content\/uploads\/2014\/12\/valors.jpg\" alt=\"\" class=\"img-responsive\"\/><\/span><\/div><h4>VALORES<\/h4>\n<p>Los valores de <strong>Familia Tero<\/strong> representan el car\u00e1cter de los miembros que la forman Este hecho da como resultado una empresa diferencial con car\u00e1cter innovador que ofrece compromiso y honestidad, tanto con los clientes como con proveedores, con un trato profesional, capacidad de adaptaci\u00f3n y versatilidad.<\/p>\n<div class=\"fusion-clearfix\"><\/div><\/div><\/div><div class=\"fusion-clearfix\"><\/div><\/div><\/div><div class=\"fusion-fullwidth fullwidth-box fusion-fullwidth-3  fusion-parallax-none nonhundred-percent-fullwidth aceite-inicio\" style=\"border-color:#eae9e9;border-bottom-width: 0px;border-top-width: 0px;border-bottom-style: solid;border-top-style: solid;padding-bottom:100px;padding-top:100px;padding-left:;padding-right:;background-color:#f3d950;background-position:center center;background-repeat:no-repeat;-webkit-background-size:cover;-moz-background-size:cover;-o-background-size:cover;background-size:cover;-ms-filter: &quot;progid:DXImageTransform.Microsoft.AlphaImageLoader(src=&#039;http:\/\/www.masiaartesana.com\/wp-content\/uploads\/2014\/12\/fons-oli-ok.jpg&#039;, sizingMethod=&#039;scale&#039;)&quot;;background-image: url(http:\/\/www.masiaartesana.com\/wp-content\/uploads\/2014\/12\/fons-oli-ok.jpg);\"><style type=\"text\/css\" scoped=\"scoped\">.fusion-fullwidth-3 {\n                            padding-left: px !important;\n                            padding-right: px !important;\n                        }<\/style><div class=\"fusion-row\"><div class=\"fusion-one-half fusion-layout-column fusion-column-last fusion-spacing-yes\" style=\"margin-top:0px;margin-bottom:20px;\"><div class=\"fusion-column-wrapper fusion-animated\" data-animationType=\"fadeInRight\" data-animationDuration=\"0.3\" data-animationOffset=\"100%\"><div class=\"fusion-title title fusion-sep-none fusion-title-size-three\" style=\"margin-top:0px;margin-bottom:0px;\"><h3 class=\"title-heading-left\">Con aceite de oliva virgen extra<\/h3><\/div><p>El hecho de ser agricultores y ganaderos nos permite una cuidada selecci\u00f3n de las materias primas y ser de Les Garrigues, la utilizaci\u00f3n de aceite de oliva virgen extra en su elaboraci\u00f3n.<\/p>\n<p>Contamos con el mejor aceite de oliva, con denominaci\u00f3n de origen protegida (D.O. Les Garrigues),\u00a0obtenido\u00a0de la variedad \u00abarbequina\u00bb que le confiere un gusto afrutado, alta densidad, cuerpo \u00a0y aromas que recuerdan al tomate y la almendra verde.<\/p>\n<p>Se trata de un aceite\u00a0muy recomendado por sus virtudes gastron\u00f3micas, resaltando las sabores\u00a0y aromas de los alimentos\u00a0cocinados con \u00e9l.<\/p>\n<div class=\"fusion-clearfix\"><\/div><\/div><\/div><div class=\"fusion-clearfix\"><\/div><\/div><\/div>\n","protected":false},"excerpt":{"rendered":"","protected":false},"author":4,"featured_media":0,"parent":0,"menu_order":10,"comment_status":"closed","ping_status":"closed","template":"","meta":{"_monsterinsights_skip_tracking":false,"_monsterinsights_sitenote_active":false,"_monsterinsights_sitenote_note":"","_monsterinsights_sitenote_category":0},"_links":{"self":[{"href":"https:\/\/www.masiaartesana.com\/es\/wp-json\/wp\/v2\/pages\/4"}],"collection":[{"href":"https:\/\/www.masiaartesana.com\/es\/wp-json\/wp\/v2\/pages"}],"about":[{"href":"https:\/\/www.masiaartesana.com\/es\/wp-json\/wp\/v2\/types\/page"}],"author":[{"embeddable":true,"href":"https:\/\/www.masiaartesana.com\/es\/wp-json\/wp\/v2\/users\/4"}],"replies":[{"embeddable":true,"href":"https:\/\/www.masiaartesana.com\/es\/wp-json\/wp\/v2\/comments?post=4"}],"version-history":[{"count":0,"href":"https:\/\/www.masiaartesana.com\/es\/wp-json\/wp\/v2\/pages\/4\/revisions"}],"wp:attachment":[{"href":"https:\/\/www.masiaartesana.com\/es\/wp-json\/wp\/v2\/media?parent=4"}],"curies":[{"name":"wp","href":"https:\/\/api.w.org\/{rel}","templated":true}]}}