{"id":4747,"date":"2016-07-20T16:52:14","date_gmt":"2016-07-20T14:52:14","guid":{"rendered":"http:\/\/www.masiaartesana.com\/es\/?page_id=4747"},"modified":"2016-09-22T19:28:14","modified_gmt":"2016-09-22T17:28:14","slug":"como-comprar","status":"publish","type":"page","link":"https:\/\/www.masiaartesana.com\/es\/como-comprar\/","title":{"rendered":"COMO COMPRAR"},"content":{"rendered":"<div class=\"fusion-one-half fusion-layout-column fusion-spacing-yes\" style=\"margin-top:0px;margin-bottom:20px;\"><div class=\"fusion-column-wrapper\"><h4>Comprar en <strong>Masia Artesana<\/strong>\u00a0es muy sencillo<\/h4>\n<p>S\u00f3lo tienes que seguir los siguientes pasos:<\/p>\n<p><strong>1.<\/strong> Entra en el apartado de tienda online, una vez dentro de ella, visualiza los productos y haz clic en el que te interese. En las fichas de producto podr\u00e1s encontrar informaci\u00f3n detallada de los productos.<\/p>\n<p><strong>2.<\/strong> A\u00f1ade a tu cesta aquel producto que quieras comprar haciendo clic en el n\u00famero de bandejas y en el bot\u00f3n \u201cA\u00f1adir\u201d. Si quieres m\u00e1s unidades de un mismo producto, indica la cantidad en la pesta\u00f1a situada justo debajo del bot\u00f3n \u201cA\u00f1adir al carrito\u201d.<\/p>\n<p><strong>3.<\/strong> Una vez desees\u00a0\u201cfinalizar compra\u201d, puedes hacer click en el carrito que est\u00e1 en la parte superior derecha del men\u00fa y acceder a todos los art\u00edculos a\u00f1adidos en tu carrito. En dicha p\u00e1gina aparecer\u00e1 una pantalla con tu pedido detallado.<\/p>\n<p><strong>4.<\/strong> Revisa la informaci\u00f3n de tu pedido y si te apetece a\u00f1adir bandejas de alguno de los productos, podr\u00e1s hacerlo desde esa misma p\u00e1gina. Una vez a\u00f1adidos, haz click en el bot\u00f3n \u00abActualizar carrito\u00bb<\/p>\n<p><strong>5.<\/strong> Introduce Pa\u00eds, localidad y c\u00f3digo postal del lugar donde quieres recibir tu pedido, y as\u00ed se calcular\u00e1n los gastos de env\u00edo si los hubiere.<\/p>\n<p><strong>6.<\/strong> Una vez\u00a0finalizado tu pedido, y rellenados los campos anteriores, haz clic en \u201cpasar por caja\u201d.<\/p>\n<p><strong>7.<\/strong> Si ya est\u00e1s registrado, deber\u00e1s introducir tu usuario y contrase\u00f1a; si no lo est\u00e1s, deber\u00e1s rellenar los datos de facturaci\u00f3n y env\u00edo (si estos fueran diferentes a los de facturaci\u00f3n) y proceder a efectuar el pago haciendo click en \u00abRealizar el pedido\u00bb.<\/p>\n<p><strong>8.<\/strong> Una vez realizado el pago, recibir\u00e1s un email confirm\u00e1ndote tu pedido, que ser\u00e1 enviado lo antes posible desde nuestras oficinas.<\/p>\n<div class=\"fusion-clearfix\"><\/div><\/div><\/div><div class=\"fusion-one-half fusion-layout-column fusion-column-last fusion-spacing-yes\" style=\"margin-top:0px;margin-bottom:20px;\"><div class=\"fusion-column-wrapper\"><h4>\u00bfCon puedo pagar\u00a0mi compra?<\/h4>\n<p>Los medios de pago disponibles son:\u00a0Tarjeta de cr\u00e9dito o d\u00e9bito.<\/p>\n<h4>\u00bfEs seguro usar mi tarjeta de cr\u00e9dito en la web?<\/h4>\n<p>S\u00ed. Utilizamos sistemas de pago seguras. Los datos confidenciales del pago con tarjeta de cr\u00e9dito o d\u00e9bito son transmitidos directamente y de forma encriptada (SSL) a la entidad financiera.\u00a0Al hacer el pago a trav\u00e9s de pasarela de pago segura, el sistema verificar\u00e1 autom\u00e1ticamente que la tarjeta de cr\u00e9dito est\u00e1 activada y conectar\u00e1 con el banco emisor, el cual solicitar\u00e1 la autenticaci\u00f3n y la autorizaci\u00f3n de la operaci\u00f3n.<\/p>\n<h4>\u00bfPor qu\u00e9 esta siendo rechazada mi tarjeta?<\/h4>\n<p>Si tu tarjeta es rechazada puede que sea por alguna de las siguientes razones:<\/p>\n<ul>\n<li>La tarjeta puede estar caducada. Comprueba que tu tarjeta no exceda la fecha de validez.<\/li>\n<li>Puede que se haya alcanzado el l\u00edmite de la tarjeta para efectuar compras. Cons\u00faltalo con tu banco.<\/li>\n<li>Puede que alg\u00fan dato introducido sea incorrecto. Revisa que has rellenado todos los campos necesarios con la informaci\u00f3n correcta.<\/li>\n<li>Al realizar el pago a trav\u00e9s de la pasarela de pago segura, el sistema verificar\u00e1 autom\u00e1ticamente que la tarjeta est\u00e9 activada. A continuaci\u00f3n, conectar\u00e1 con la entidad financiera que la emiti\u00f3, la cual solicitar\u00e1 al comprador que autorice la operaci\u00f3n mediante un c\u00f3digo personal de autenticaci\u00f3n. La operaci\u00f3n s\u00f3lo se efectuar\u00e1 si el banco emisor de la tarjeta de cr\u00e9dito confirma el c\u00f3digo de autenticaci\u00f3n. En caso contrario, la transacci\u00f3n ser\u00e1 rechazada.<\/li>\n<\/ul>\n<h4>\u00bfPuedo obtener factura\u00a0de mi compra?<\/h4>\n<p>S\u00ed. Si al crear tu cuenta, tienes una casilla para introducir el nombre de tu empresa y otra para el CIF o NIF. Cuando realices un pedido, autom\u00e1ticamente se te enviar\u00e1 una factura por email.<\/p>\n<div class=\"fusion-clearfix\"><\/div><\/div><\/div><div class=\"fusion-clearfix\"><\/div>\n","protected":false},"excerpt":{"rendered":"","protected":false},"author":4,"featured_media":0,"parent":0,"menu_order":320,"comment_status":"closed","ping_status":"closed","template":"","meta":{"_monsterinsights_skip_tracking":false,"_monsterinsights_sitenote_active":false,"_monsterinsights_sitenote_note":"","_monsterinsights_sitenote_category":0},"_links":{"self":[{"href":"https:\/\/www.masiaartesana.com\/es\/wp-json\/wp\/v2\/pages\/4747"}],"collection":[{"href":"https:\/\/www.masiaartesana.com\/es\/wp-json\/wp\/v2\/pages"}],"about":[{"href":"https:\/\/www.masiaartesana.com\/es\/wp-json\/wp\/v2\/types\/page"}],"author":[{"embeddable":true,"href":"https:\/\/www.masiaartesana.com\/es\/wp-json\/wp\/v2\/users\/4"}],"replies":[{"embeddable":true,"href":"https:\/\/www.masiaartesana.com\/es\/wp-json\/wp\/v2\/comments?post=4747"}],"version-history":[{"count":0,"href":"https:\/\/www.masiaartesana.com\/es\/wp-json\/wp\/v2\/pages\/4747\/revisions"}],"wp:attachment":[{"href":"https:\/\/www.masiaartesana.com\/es\/wp-json\/wp\/v2\/media?parent=4747"}],"curies":[{"name":"wp","href":"https:\/\/api.w.org\/{rel}","templated":true}]}}