{"id":4748,"date":"2016-07-20T16:52:17","date_gmt":"2016-07-20T14:52:17","guid":{"rendered":"http:\/\/www.masiaartesana.com\/es\/?page_id=4748"},"modified":"2016-09-22T19:28:47","modified_gmt":"2016-09-22T17:28:47","slug":"ventajas-cliente-registrado","status":"publish","type":"page","link":"https:\/\/www.masiaartesana.com\/es\/ventajas-cliente-registrado\/","title":{"rendered":"VENTAJAS DE SER CLIENTE REGISTRADO"},"content":{"rendered":"<div class=\"fusion-one-full fusion-layout-column fusion-column-last fusion-spacing-yes\" style=\"margin-top:0px;margin-bottom:20px;\"><div class=\"fusion-column-wrapper\"><p>En Masia Artesana pensamos en su comodidad, y para ello le ofrecemos la posibilidad de registrarse como usuario para poder ofrecerle una serie de ventajas en nuestra tienda online:<\/p>\n<div class=\"fusion-clearfix\"><\/div><\/div><\/div><div class=\"fusion-clearfix\"><\/div><div class=\"fusion-one-third fusion-layout-column fusion-spacing-yes\" style=\"margin-top:0px;margin-bottom:20px;\"><div class=\"fusion-column-wrapper\"><div class=\"aligncenter\"><i class=\"fa fontawesome-icon fa-gift circle-yes\" style=\"border-color:#ac1730;background-color:#ac1730;font-size:44px;line-height:88px;height:88px;width:88px;margin-left:0;margin-right:0;color:#ffffff;\"><\/i><\/div><h4 style=\"text-align: center;\">Acceder a ofertas y servicios exclusivos<\/h4>\n<p style=\"text-align: center;\">Por ser cliente\u00a0registrado\u00a0podr\u00e1 disfrutar de las diferentes ofertas y descuentos\u00a0que vamos ofreciendo.<\/p>\n<div class=\"fusion-clearfix\"><\/div><\/div><\/div><div class=\"fusion-one-third fusion-layout-column fusion-spacing-yes\" style=\"margin-top:0px;margin-bottom:20px;\"><div class=\"fusion-column-wrapper\"><div class=\"aligncenter\"><i class=\"fa fontawesome-icon fa-asterisk circle-yes\" style=\"border-color:#ac1730;background-color:#ac1730;font-size:44px;line-height:88px;height:88px;width:88px;margin-left:0;margin-right:0;color:#ffffff;\"><\/i><\/div><h4 style=\"text-align: center;\">Comodidad en los pedidos<\/h4>\n<p style=\"text-align: center;\">Al introducir sus datos de facturaci\u00f3n y env\u00edo en nuestro sistema, no deber\u00e1 volver a rellenarlos de nuevo con su nuevo pedido, ahorrando tiempo y haciendo mucho m\u00e1s c\u00f3moda su compra.<\/p>\n<div class=\"fusion-clearfix\"><\/div><\/div><\/div><div class=\"fusion-one-third fusion-layout-column fusion-column-last fusion-spacing-yes\" style=\"margin-top:0px;margin-bottom:20px;\"><div class=\"fusion-column-wrapper\"><div class=\"aligncenter\"><i class=\"fa fontawesome-icon fa-shopping-cart circle-yes\" style=\"border-color:#ac1730;background-color:#ac1730;font-size:44px;line-height:88px;height:88px;width:88px;margin-left:0;margin-right:0;color:#ffffff;\"><\/i><\/div><h4 style=\"text-align: center;\">Hist\u00f3rico de pedidos<\/h4>\n<p style=\"text-align: center;\">Podr\u00e1 revisar todos los pedidos que ha hecho en Masia Artesana, descargar la factura de los mismos e incluso repetir un pedido ya realizado con un solo clic.<\/p>\n<div class=\"fusion-clearfix\"><\/div><\/div><\/div><div class=\"fusion-clearfix\"><\/div>\n","protected":false},"excerpt":{"rendered":"","protected":false},"author":4,"featured_media":0,"parent":0,"menu_order":350,"comment_status":"closed","ping_status":"closed","template":"","meta":{"_monsterinsights_skip_tracking":false,"_monsterinsights_sitenote_active":false,"_monsterinsights_sitenote_note":"","_monsterinsights_sitenote_category":0},"_links":{"self":[{"href":"https:\/\/www.masiaartesana.com\/es\/wp-json\/wp\/v2\/pages\/4748"}],"collection":[{"href":"https:\/\/www.masiaartesana.com\/es\/wp-json\/wp\/v2\/pages"}],"about":[{"href":"https:\/\/www.masiaartesana.com\/es\/wp-json\/wp\/v2\/types\/page"}],"author":[{"embeddable":true,"href":"https:\/\/www.masiaartesana.com\/es\/wp-json\/wp\/v2\/users\/4"}],"replies":[{"embeddable":true,"href":"https:\/\/www.masiaartesana.com\/es\/wp-json\/wp\/v2\/comments?post=4748"}],"version-history":[{"count":0,"href":"https:\/\/www.masiaartesana.com\/es\/wp-json\/wp\/v2\/pages\/4748\/revisions"}],"wp:attachment":[{"href":"https:\/\/www.masiaartesana.com\/es\/wp-json\/wp\/v2\/media?parent=4748"}],"curies":[{"name":"wp","href":"https:\/\/api.w.org\/{rel}","templated":true}]}}