{"id":4972,"date":"2016-07-21T18:56:41","date_gmt":"2016-07-21T16:56:41","guid":{"rendered":"http:\/\/www.masiaartesana.com\/es\/?page_id=4972"},"modified":"2016-09-22T19:27:34","modified_gmt":"2016-09-22T17:27:34","slug":"politica-de-privacidad","status":"publish","type":"page","link":"https:\/\/www.masiaartesana.com\/es\/politica-de-privacidad\/","title":{"rendered":"POL\u00cdTICA DE PRIVACIDAD"},"content":{"rendered":"<div class=\"fusion-one-full fusion-layout-column fusion-column-last fusion-spacing-yes\" style=\"margin-top:0px;margin-bottom:20px;\"><div class=\"fusion-column-wrapper\"><h4>INFORMACI\u00d3N GENERAL<\/h4>\n<p>En cumplimiento con el deber de informaci\u00f3n dispuesto en la Ley 34\/2002 de Servicios de la Sociedad de la Informaci\u00f3n y el Comercio Electr\u00f3nico (LSSI-CE) de 11 de julio, se facilitan a continuaci\u00f3n los siguientes datos de informaci\u00f3n general de este sitio web:<\/p>\n<p>La titularidad de este sitio web, <strong>www.masiaartesana.com<\/strong>, (en adelante Sitio Web) la ostenta: <strong>Masia Artesana S.L<\/strong>., provista de NIF: B25737222 y cuyos datos de contacto son:<\/p>\n<p>MASIA ARTESANA S.L<br \/>\nPol. Ind. Les Verdunes, parc. 34-35<br \/>\n25400 Les Borges Blanques<br \/>\n973 14 06 20 | 973 15 06 50<\/p>\n<div class=\"fusion-clearfix\"><\/div><\/div><\/div><div class=\"fusion-clearfix\"><\/div><div class=\"fusion-one-half fusion-layout-column fusion-spacing-yes\" style=\"margin-top:0px;margin-bottom:20px;\"><div class=\"fusion-column-wrapper\"><h4>T\u00c9RMINOS Y CONDICIONES GENERALES DE USO<\/h4>\n<p>El objeto de las presentes Condiciones Generales de Uso (en adelante Condiciones) es regular el acceso y la utilizaci\u00f3n del Sitio Web. A los efectos de las presentes Condiciones se entender\u00e1 como Sitio Web:<\/p>\n<p>La apariencia externa de los interfaces de pantalla, tanto de forma est\u00e1tica como de forma din\u00e1mica, es decir, el \u00e1rbol de navegaci\u00f3n; y todos los elementos integrados tanto en los interfaces de pantalla como en el \u00e1rbol de navegaci\u00f3n (en adelante Contenidos) y todos aquellos servicios o recursos en l\u00ednea que en su caso ofrezca a los Usuarios (en adelante Servicios).<\/p>\n<p><strong>Masia Artesana<\/strong> se reserva la facultad de modificar, en cualquier momento, y sin aviso previo, la presentaci\u00f3n y configuraci\u00f3n del Sitio Web y de los Contenidos y Servicios que en \u00e9l pudieran estar incorporados. El Usuario reconoce y acepta que en cualquier momento Masia Artesana pueda interrumpir, desactivar y\/o cancelar cualquiera de estos elementos que se integran en el Sitio Web o el acceso a los mismos.<\/p>\n<p>El acceso al Sitio Web por el Usuario tiene car\u00e1cter libre y, por regla general, es gratuito sin que el Usuario tenga que proporcionar una contraprestaci\u00f3n para poder disfrutar de ello, salvo en lo relativo al coste de conexi\u00f3n a trav\u00e9s de la red de telecomunicaciones suministrada por el proveedor de acceso que hubiere contratado el Usuario.<\/p>\n<p>La utilizaci\u00f3n de alguno de los Contenidos o Servicios del Sitio Web podr\u00e1 hacerse mediante la suscripci\u00f3n o registro previo del Usuario.<\/p>\n<h4>EL USUARIO<\/h4>\n<p>El acceso, la navegaci\u00f3n y uso del Sitio Web, confiere la condici\u00f3n de Usuario, por lo que se aceptan, desde que se inicia la navegaci\u00f3n por el Sitio Web, todas las Condiciones aqu\u00ed establecidas, as\u00ed como sus ulteriores modificaciones, sin perjuicio de la aplicaci\u00f3n de la correspondiente normativa legal de obligado cumplimiento seg\u00fan el caso. Dada la relevancia de lo anterior, se recomienda al Usuario leerlas cada vez que visite el Sitio Web.<\/p>\n<p>El Sitio Web de <strong>Masia Artesana<\/strong> proporciona gran diversidad de informaci\u00f3n, servicios y datos. El Usuario asume su responsabilidad para realizar un uso correcto del Sitio Web. Esta responsabilidad se extender\u00e1 a:<\/p>\n<p>Un uso de la informaci\u00f3n, Contenidos y\/o Servicios y datos ofrecidos por Masia Artesana sin que sea contrario a lo dispuesto por las presentes Condiciones, la Ley, la moral o el orden p\u00fablico, o que de cualquier otro modo puedan suponer lesi\u00f3n de los derechos de terceros o del mismo funcionamiento del Sitio Web.<\/p>\n<p>La veracidad y licitud de las informaciones aportadas por el Usuario en los formularios extendidos por <strong>Masia Artesana<\/strong> para el acceso a ciertos Contenidos o Servicios ofrecidos por el Sitio Web. En todo caso, el Usuario notificar\u00e1 de forma inmediata a <strong>Masia Artesana<\/strong> acerca de cualquier hecho que permita el uso indebido de la informaci\u00f3n registrada en dichos formularios, tales como, pero no s\u00f3lo, el robo, extrav\u00edo, o el acceso no autorizado a identificadores y\/o contrase\u00f1as, con el fin de proceder a su inmediata cancelaci\u00f3n.<\/p>\n<p>El mero acceso a este Sitio Web no supone entablar ning\u00fan tipo de relaci\u00f3n de car\u00e1cter comercial entre <strong>Masia Artesana<\/strong> y el Usuario.<\/p>\n<p>El Usuario declara ser mayor de edad y disponer de la capacidad jur\u00eddica suficiente para vincularse por las presentes Condiciones. Por lo tanto, este Sitio Web de <strong>Masia Artesana<\/strong> no se dirige a menores de edad. <strong>Masia Artesana<\/strong> declina cualquier responsabilidad por el incumplimiento de este requisito.<\/p>\n<h4>ACCESO Y NAVEGACI\u00d3N EN EL SITIO WEB: EXCLUSI\u00d3N DE GARANT\u00cdAS Y RESPONSABILIDAD<\/h4>\n<p><strong>Masia Artesana<\/strong> no garantiza la continuidad, disponibilidad y utilidad del Sitio Web, ni de los Contenidos o Servicios. <strong>Masia Artesana<\/strong> har\u00e1 todo lo posible por el buen funcionamiento del Sitio Web, sin embargo, no se responsabiliza ni garantiza que el acceso a este Sitio Web no vaya a ser ininterrumpido o que est\u00e9 libre de error.<\/p>\n<p>Tampoco se responsabiliza o garantiza que el contenido o software al que pueda accederse a trav\u00e9s de este Sitio Web, est\u00e9 libre de error o cause un da\u00f1o al sistema inform\u00e1tico (software y hardware) del Usuario. En ning\u00fan caso <strong>Masia Artesana<\/strong> ser\u00e1 responsable por las p\u00e9rdidas, da\u00f1os o perjuicios de cualquier tipo que surjan por el acceso, navegaci\u00f3n y el uso del Sitio Web, incluy\u00e9ndose, pero no limit\u00e1ndose, a los ocasionados a los sistemas inform\u00e1ticos o los provocados por la introducci\u00f3n de virus.<\/p>\n<p><strong>Masia Artesana<\/strong> tampoco se hace responsable de los da\u00f1os que pudiesen ocasionarse a los usuarios por un uso inadecuado de este Sitio Web. En particular, no se hace responsable en modo alguno de las ca\u00eddas, interrupciones, falta o defecto de las telecomunicaciones que pudieran ocurrir.<\/p>\n<h4>POL\u00cdTICA DE PRIVACIDAD Y PROTECCI\u00d3N DE DATOS<\/h4>\n<p>Conforme a lo previsto en el art\u00edculo 5 de la LOPD, se informa al Usuario que los datos personales recabados por <strong>Masia Artesana<\/strong>, mediante los formularios extendidos en sus p\u00e1ginas, ser\u00e1n introducidos en un fichero automatizado bajo la responsabilidad de <strong>Masia Artesana<\/strong>, y debidamente declarado e inscrito en el Registro General de la Agencia de Protecci\u00f3n de Datos, con la finalidad de poder facilitar, agilizar y cumplir los compromisos establecidos entre ambas partes o el mantenimiento de la relaci\u00f3n que se establezca en los formularios que suscriba o para atender una solicitud o consulta.<\/p>\n<p>Mientras el Usuario no comunique lo contrario a <strong>Masia Artesana<\/strong>, se entender\u00e1 que sus datos no han sido modificados, que el Usuario se compromete a notificar cualquier variaci\u00f3n y que tiene el consentimiento para utilizarlos para las finalidades determinadas, expl\u00edcitas y leg\u00edtimas para las que se hayan obtenido. Pudiendo incluso ser, adem\u00e1s, utilizados con una finalidad comercial de personalizaci\u00f3n, operativa y estad\u00edstica, y actividades propias de su objeto social, autorizando expresamente a <strong>Masia Artesana<\/strong> para la extracci\u00f3n, almacenamiento de datos y estudios de marketing para adecuar el Contenido ofertado Usuario, y as\u00ed mejorar la calidad, funcionamiento y navegaci\u00f3n por el Sitio Web.<\/p>\n<p>En las ocasiones en las que el Usuario pudiera facilitar sus datos a trav\u00e9s de formularios, con el objeto de realizar consultas, solicitar informaci\u00f3n y\/o por motivos relacionados con el Contenido ofrecido en el Sitio Web, si los datos que facilitara el Usuario fueran imprescindibles para el correcto desarrollo de todo esto, se informar\u00e1 de ello al Usuario indic\u00e1ndole que son datos cuya cumplimentaci\u00f3n es de car\u00e1cter obligatorio.<\/p>\n<p>En caso de no autorizar el tratamiento de sus datos con la finalidad se\u00f1alada en el p\u00e1rrafo(s) anterior(es), el Usuario podr\u00e1 ejercer sus derechos de informaci\u00f3n-acceso, rectificaci\u00f3n, cancelaci\u00f3n y oposici\u00f3n, (Derechos ARCO) de los que dispone y que pueden ser ejercitados ante <strong>Masia Artesana<\/strong>. Para ello, debe tener en cuenta las siguientes connotaciones:<\/p>\n<p><strong>Derecho de Acceso:<br \/>\n<\/strong>Es el derecho del Usuario a obtener informaci\u00f3n sobre sus datos concretos de car\u00e1cter personal y del tratamiento que <strong>Masia Artesana<\/strong> haya realizado o realice, as\u00ed como de la informaci\u00f3n disponible sobre el origen de dichos datos y las comunicaciones realizadas o previstas de los mismos.<\/p>\n<p><strong>Derecho de Rectificaci\u00f3n:<br \/>\n<\/strong>Es el derecho del Usuario a que se modifiquen los datos que, estando dentro del fichero automatizado, resulten ser inexactos o incompletos.<\/p>\n<p><strong>Derecho de Cancelaci\u00f3n:<br \/>\n<\/strong>Es el derecho a suprimir los datos de car\u00e1cter personal del Usuario, a excepci\u00f3n de lo previsto en otras leyes aplicables que determinen la obligatoriedad de la conservaci\u00f3n de los mismos, en tiempo y forma.<\/p>\n<p><strong>Derecho de Oposici\u00f3n:<br \/>\n<\/strong>Es el derecho del Usuario a que no se lleve a cabo el tratamiento de sus datos de car\u00e1cter personal o se cese el tratamiento de los mismos por parte de <strong>Masia Artesana<\/strong>.<\/p>\n<p>As\u00ed pues, el Usuario podr\u00e1 ejercitar sus derechos mediante comunicaci\u00f3n escrita dirigida a <strong>Masia Artesana<\/strong> con la referencia \u00abLOPD-www.masiaartesana.com\u00bb, especificando:<\/p>\n<ul>\n<li>Nombre, apellidos y copia del DNI. En los casos en que se admita la representaci\u00f3n, ser\u00e1 tambi\u00e9n necesaria la identificaci\u00f3n por el mismo medio de la persona que representa al Usuario, as\u00ed como el documento acreditativo de la representaci\u00f3n. La fotocopia del DNI podr\u00e1 ser sustituida, por cualquier otro medio v\u00e1lido en derecho que acredite la identidad.<\/li>\n<li>Petici\u00f3n con los motivos espec\u00edficos de la solicitud o informaci\u00f3n a la que se quiere acceder.<\/li>\n<li>Domicilio a efecto de notificaciones.<\/li>\n<li>Fecha y firma del solicitante.<\/li>\n<li>Todo documento que acredite la petici\u00f3n que formula.<\/li>\n<\/ul>\n<p>El Usuario deber\u00e1 utilizar un m\u00e9todo de env\u00edo que permita acreditar el env\u00edo y la recepci\u00f3n de la solicitud.<\/p>\n<p>Esta solicitud y todo otro documento adjunto deber\u00e1 enviarse a la siguiente direcci\u00f3n y\/o correo electr\u00f3nico:<\/p>\n<p><strong>MASIA ARTESANA S.L.<\/strong><br \/>\nPol. Ind. Les Verdunes, parc. 34-35<br \/>\n25400 Les Borges Blanques<br \/>\n973 14 06 20 | 973 15 06 50<br \/>\ninfo@masiaartesana.com<\/p>\n<p><strong>Masia Artesana<\/strong> se reserva el derecho a modificar su Pol\u00edtica de Privacidad, de acuerdo a su propio criterio, o motivado por un cambio legislativo, jurisprudencial o doctrinal de la Agencia Espa\u00f1ola de Protecci\u00f3n de Datos. El uso de la Web despu\u00e9s de dichos cambios, implicar\u00e1 la aceptaci\u00f3n de los mismos.<\/p>\n<div class=\"fusion-clearfix\"><\/div><\/div><\/div><div class=\"fusion-one-half fusion-layout-column fusion-column-last fusion-spacing-yes\" style=\"margin-top:0px;margin-bottom:20px;\"><div class=\"fusion-column-wrapper\"><h4>POL\u00cdTICA DE COOKIES<\/h4>\n<p><strong>Cookies:\u00a0<\/strong>El acceso a este Sitio Web puede implicar la utilizaci\u00f3n de cookies. Las cookies son peque\u00f1as cantidades de informaci\u00f3n que se almacenan en el navegador utilizado por cada Usuario \u2014en los distintos dispositivos que pueda utilizar para navegar\u2014 para que el servidor recuerde cierta informaci\u00f3n que posteriormente y \u00fanicamente el servidor que la implement\u00f3 leer\u00e1. Las cookies facilitan la navegaci\u00f3n, la hacen m\u00e1s amigable, y no da\u00f1an el dispositivo de navegaci\u00f3n.<\/p>\n<p>La informaci\u00f3n recabada a trav\u00e9s de las cookies puede incluir la fecha y hora de visitas al Sitio Web, las p\u00e1ginas visionadas, el tiempo que ha estado en el Sitio Web y los sitios visitados justo antes y despu\u00e9s del mismo. Sin embargo, ninguna cookie permite que esta misma pueda contactarse con el n\u00famero de tel\u00e9fono del Usuario o con cualquier otro medio de contacto personal. Ninguna cookie puede extraer informaci\u00f3n del disco duro del Usuario o robar informaci\u00f3n personal. La \u00fanica manera de que la informaci\u00f3n privada del Usuario forme parte del archivo Cookie es que el usuario d\u00e9 personalmente esa informaci\u00f3n al servidor.<\/p>\n<p><strong>Cookies propias:<\/strong><br \/>\nSon aquellas cookies que son enviadas al ordenador o dispositivo del Usuario y gestionadas exclusivamente por Masia Artesana para el mejor funcionamiento del Sitio Web. La informaci\u00f3n que se recaba se emplea para mejorar la calidad del Sitio Web y su Contenido y su experiencia como Usuario. Estas cookies permiten reconocer al Usuario como visitante recurrente del Sitio Web y adaptar el contenido para ofrecerle contenidos que se ajusten a sus preferencias.<\/p>\n<p><strong>Cookies de terceros:<\/strong><br \/>\nSon cookies utilizadas y gestionadas por entidades externas que proporcionan a Masia Artesana servicios solicitados por este mismo para mejorar el Sitio Web y la experiencia del usuario al navegar en el Sitio Web. Los principales objetivos para los que se utilizan cookies de terceros son la obtenci\u00f3n de estad\u00edsticas de accesos y analizar la informaci\u00f3n de la navegaci\u00f3n, es decir, como interact\u00faa el Usuario con el Sitio Web.<\/p>\n<p><strong>Deshabilitar, rechazar y eliminar cookies:<br \/>\n<\/strong>El Usuario puede deshabilitar, rechazar y eliminar las cookies \u2014total o parcialmente\u2014 instaladas en su dispositivo mediante la configuraci\u00f3n de su navegador (entre los que se encuentran, por ejemplo, Chrome, Firefox, Safari, Explorer). En este sentido, los procedimientos para rechazar y eliminar las cookies pueden diferir de un navegador de Internet a otro, en consecuencia, el Usuario debe, acudir a las instrucciones facilitadas por el propio navegador de Internet que este utilizando. En el supuesto de que rechace el uso de cookies \u2014total o parcialmente\u2014 podr\u00e1 seguir usando el Sitio Web, si bien podr\u00e1 tener limitada la utilizaci\u00f3n de algunas de las prestaciones del mismo.<\/p>\n<p><strong>Cambios en la Pol\u00edtica de Cookies:<\/strong><br \/>\nEs posible que la Pol\u00edtica de Cookies del Sitio Web cambie o se actualice, por ello es recomendable revisar esta pol\u00edtica cada vez que acceda al Sitio Web con el objetivo de estar adecuadamente informado sobre c\u00f3mo y para qu\u00e9 usamos las cookies.<\/p>\n<h4>POL\u00cdTICA DE ENLACES<\/h4>\n<p>Se informa que el Sitio Web de Masia Artesana pone o puede poner a disposici\u00f3n de los Usuarios medios de enlace (como, entre otros, links, banners, botones), directorios y motores de b\u00fasqueda que permiten a los Usuarios acceder a sitios web pertenecientes y\/o gestionados por terceros.<\/p>\n<p>La instalaci\u00f3n de estos enlaces, directorios y motores de b\u00fasqueda en el Sitio Web tiene por objeto facilitar a los Usuarios la b\u00fasqueda de y acceso a la informaci\u00f3n disponible en Internet, sin que pueda considerarse una sugerencia, recomendaci\u00f3n o invitaci\u00f3n para la visita de los mismos.<\/p>\n<p><strong>Masia Artesana<\/strong> no ofrece ni comercializa por s\u00ed ni por medio de terceros los productos y\/o servicios disponibles en dichos sitios enlazados.<\/p>\n<p>Asimismo, tampoco garantizar\u00e1 la disponibilidad t\u00e9cnica, exactitud, veracidad, validez o legalidad de sitios ajenos a su propiedad a los que se pueda acceder por medio de los enlaces.<\/p>\n<p><strong>Masia Artesana<\/strong> en ning\u00fan caso revisar\u00e1 o controlar\u00e1 el contenido de otros sitios web, as\u00ed como tampoco aprueba, examina ni hace propios los productos y servicios, contenidos,archivos y cualquier otro material existente en los referidos sitios enlazados.<\/p>\n<p><strong>Masia Artesana<\/strong> no asume ninguna responsabilidad por los da\u00f1os y perjuicios que pudieran producirse por el acceso, uso, calidad o licitud de los contenidos, comunicaciones, opiniones, productos y servicios de los sitios web no gestionados por <strong>Masia Artesana<\/strong> y que sean enlazados en este Sitio Web.<\/p>\n<p>El Usuario o tercero que realice un hiperv\u00ednculo desde una p\u00e1gina web de otro, distinto, sitio web al Sitio Web de <strong>Masia Artesana<\/strong> deber\u00e1 saber que:<\/p>\n<p>No se permite la reproducci\u00f3n \u2014total o parcialmente\u2014 de ninguno Contenidos y\/o Servicios del Sitio Web sin autorizaci\u00f3n expresa de <strong>Masia Artesana<\/strong>.<\/p>\n<p>No se permite tampoco ninguna manifestaci\u00f3n falsa, inexacta o incorrecta sobre el Sitio Web de <strong>Masia Artesana<\/strong>, ni sobre los Contenidos y\/o Servicios del mismo.<\/p>\n<p>A excepci\u00f3n del hiperv\u00ednculo, el sitio web en el que se establezca dicho hiperenlace no contendr\u00e1 ning\u00fan elemento, de este Sitio Web, protegido como propiedad intelectual por el ordenamiento jur\u00eddico espa\u00f1ol, salvo autorizaci\u00f3n expresa de <strong>Masia Artesana<\/strong>.<\/p>\n<p>El establecimiento del hiperv\u00ednculo no implicar\u00e1 la existencia de relaciones entre <strong>Masia Artesana<\/strong> y el titular del sitio web desde el cual se realice, ni el conocimiento y aceptaci\u00f3n de Masia Artesana de los contenidos, servicios y\/o actividades ofrecidos en dicho sitio web, y viceversa.<\/p>\n<h4>PROPIEDAD INTELECTUAL E INDUSTRIAL<\/h4>\n<p><strong>Masia Artesana<\/strong> por s\u00ed o como parte cesionaria, es titular de todos los derechos de propiedad intelectual e industrial del Sitio Web, as\u00ed como de los elementos contenidos en el mismo (a t\u00edtulo enunciativo y no exhaustivo, im\u00e1genes, sonido, audio, v\u00eddeo, software o textos, marcas o logotipos, combinaciones de colores, estructura y dise\u00f1o, selecci\u00f3n de materiales usados, programas de ordenador necesarios para su funcionamiento, acceso y uso, etc.). Ser\u00e1n, por consiguiente, obras protegidas como propiedad intelectual por el ordenamiento jur\u00eddico espa\u00f1ol, si\u00e9ndoles aplicables tanto la normativa espa\u00f1ola y comunitaria en este campo, como los tratados internacionales relativos a la materia y suscritos por Espa\u00f1a.<\/p>\n<p>Todos los derechos reservados. En virtud de lo dispuesto en la Ley de Propiedad Intelectual, quedan expresamente prohibidas la reproducci\u00f3n, la distribuci\u00f3n y la comunicaci\u00f3n p\u00fablica, incluida su modalidad de puesta a disposici\u00f3n, de la totalidad o parte de los contenidos de esta p\u00e1gina web, con fines comerciales, en cualquier soporte y por cualquier medio t\u00e9cnico, sin la autorizaci\u00f3n de Masia Artesana.<\/p>\n<p>En caso de que el Usuario o tercero considere que cualquiera de los Contenidos del Sitio Web suponga una violaci\u00f3n de los derechos de protecci\u00f3n de la propiedad intelectual, deber\u00e1 comunicarlo inmediatamente a <strong>Masia Artesana<\/strong> a trav\u00e9s de los datos de contacto.<\/p>\n<h4>ACCIONES LEGALES, LEGISLACI\u00d3N APLICABLE Y JURISDICCI\u00d3N<\/h4>\n<p><strong>Masia Artesana<\/strong> se reserva la facultad de presentar las acciones civiles o penales que considere necesarias por la utilizaci\u00f3n indebida del Sitio Web y Contenidos, o por el incumplimiento de las presentes Condiciones.<\/p>\n<p>La relaci\u00f3n entre el Usuario y <strong>Masia Artesana<\/strong> se regir\u00e1 por la normativa vigente y de aplicaci\u00f3n en el territorio espa\u00f1ol. De surgir cualquier controversia en relaci\u00f3n a la interpretaci\u00f3n y\/o a la aplicaci\u00f3n de estas Condiciones las partes someter\u00e1n sus conflictos a la jurisdicci\u00f3n ordinaria someti\u00e9ndose a los jueces y tribunales que correspondan conforme a derecho.<\/p>\n<div class=\"fusion-clearfix\"><\/div><\/div><\/div><div class=\"fusion-clearfix\"><\/div>\n","protected":false},"excerpt":{"rendered":"","protected":false},"author":4,"featured_media":0,"parent":0,"menu_order":310,"comment_status":"closed","ping_status":"closed","template":"","meta":{"_monsterinsights_skip_tracking":false,"_monsterinsights_sitenote_active":false,"_monsterinsights_sitenote_note":"","_monsterinsights_sitenote_category":0},"_links":{"self":[{"href":"https:\/\/www.masiaartesana.com\/es\/wp-json\/wp\/v2\/pages\/4972"}],"collection":[{"href":"https:\/\/www.masiaartesana.com\/es\/wp-json\/wp\/v2\/pages"}],"about":[{"href":"https:\/\/www.masiaartesana.com\/es\/wp-json\/wp\/v2\/types\/page"}],"author":[{"embeddable":true,"href":"https:\/\/www.masiaartesana.com\/es\/wp-json\/wp\/v2\/users\/4"}],"replies":[{"embeddable":true,"href":"https:\/\/www.masiaartesana.com\/es\/wp-json\/wp\/v2\/comments?post=4972"}],"version-history":[{"count":0,"href":"https:\/\/www.masiaartesana.com\/es\/wp-json\/wp\/v2\/pages\/4972\/revisions"}],"wp:attachment":[{"href":"https:\/\/www.masiaartesana.com\/es\/wp-json\/wp\/v2\/media?parent=4972"}],"curies":[{"name":"wp","href":"https:\/\/api.w.org\/{rel}","templated":true}]}}