{"id":5327,"date":"2016-08-27T16:47:41","date_gmt":"2016-08-27T14:47:41","guid":{"rendered":"http:\/\/www.masiaartesana.com\/es\/som-fundacio\/"},"modified":"2016-09-22T19:16:06","modified_gmt":"2016-09-22T17:16:06","slug":"somos-fundacion","status":"publish","type":"page","link":"https:\/\/www.masiaartesana.com\/es\/somos-fundacion\/","title":{"rendered":"SOMOS FUNDACI\u00d3N"},"content":{"rendered":"<div class=\"fusion-fullwidth fullwidth-box fusion-fullwidth-1  fusion-parallax-none nonhundred-percent-fullwidth empresa-masia\" style=\"border-color:#eae9e9;border-bottom-width: 0px;border-top-width: 0px;border-bottom-style: solid;border-top-style: solid;padding-bottom:50px;padding-top:75px;padding-left:;padding-right:;background-color:#ffffff;\"><style type=\"text\/css\" scoped=\"scoped\">.fusion-fullwidth-1 {\n                            padding-left: px !important;\n                            padding-right: px !important;\n                        }<\/style><div class=\"fusion-row\"><div class=\"fusion-one-half fusion-layout-column fusion-spacing-yes text\" style=\"margin-top:0px;margin-bottom:20px;\"><div class=\"fusion-column-wrapper fusion-animated\" data-animationType=\"fadeInRight\" data-animationDuration=\"0.3\" data-animationOffset=\"100%\"><p>La <strong>Fundaci\u00f3 la Manreana<\/strong> nace en Juneda (Les Garrigues) en 2009 gracias a la iniciativa de la granja escuela del mismo nombre y de un grupo de personas que comparten los mismos ideales sociales.<\/p>\n<p>Conocedores de las necesidades de la sociedad, deciden aunar esfuerzos para la puesta en marcha, de una forma totalmente altruista, de un proyecto social cuyos principales destinatarios son las personas con discapacidades y las personas con riesgo de exclusio\u0301n social.<\/p>\n<p>Los objetivos de\u00a0la <strong>Fundaci\u00f3 la Manreana<\/strong> son:<\/p>\n<ul>\n<li>Ofrecer un espacio de desarrollo y mejora global para las personas con discapacidades varias (neuromotoras, fi\u0301sicas, psi\u0301quicas, senso- riales, etc.), asi\u0301 como un programa de trabajo de adquisicio\u0301n de habilidades de ajuste social dirigido a personas en situacio\u0301n de riesgo de exclusio\u0301n. Ambas vertientes sera\u0301n llevadas a cabo por profesionales capacitados en el a\u0301mbito de la terapia asistida con animales.<\/li>\n<li>Proporcionar una oferta complementaria de actividades de ocio para las personas discapacitadas, aprovechando y adaptando las instalaciones de la granja escuela para que todas las personas se sientan co\u0301modas durante sus estancias.<\/li>\n<li>Buscar colaboracio\u0301n econo\u0301mica entre instituciones, empresas y particulares con el fin de becar una parte del coste de las terapias a las personas usuarias que ma\u0301s lo necesiten.<\/li>\n<li>Promover la formacio\u0301n, investigacio\u0301n e innovacio\u0301n en el a\u0301mbito de las actividades asistidas con animales, tanto en la vertiente terape\u0301utica, como psicoeducativa o de ocio.<\/li>\n<\/ul>\n<div class=\"fusion-sep-clear\"><\/div><div class=\"fusion-separator fusion-full-width-sep sep-none\" style=\"border-color:#e0dede;margin-left: auto;margin-right: auto;margin-top:10px;margin-bottom:10px;\"><\/div><div class=\"fusion-button-wrapper fusion-aligncenter\"><style type=\"text\/css\" scoped=\"scoped\">.fusion-button.button-1 .fusion-button-text, .fusion-button.button-1 i {color:#630000;}.fusion-button.button-1 {border-width:2px;border-color:#630000;}.fusion-button.button-1 .fusion-button-icon-divider{border-color:#630000;}.fusion-button.button-1:hover .fusion-button-text, .fusion-button.button-1:hover i,.fusion-button.button-1:focus .fusion-button-text, .fusion-button.button-1:focus i,.fusion-button.button-1:active .fusion-button-text, .fusion-button.button-1:active{color:#630000;}.fusion-button.button-1:hover, .fusion-button.button-1:focus, .fusion-button.button-1:active{border-width:2px;border-color:#630000;}.fusion-button.button-1:hover .fusion-button-icon-divider, .fusion-button.button-1:hover .fusion-button-icon-divider, .fusion-button.button-1:active .fusion-button-icon-divider{border-color:#630000;}.fusion-button.button-1{background: #ac1730;}.fusion-button.button-1:hover,.button-1:focus,.fusion-button.button-1:active{background: #ac1730;}.fusion-button.button-1{width:auto;}<\/style><a class=\"fusion-button button-flat button-square button-small button-default button-1\" target=\"_blank\" href=\"http:\/\/fundaciolamanreana.org\/\"><i class=\"fa fa-desktop button-icon-left\"><\/i><span class=\"fusion-button-text\">Visitar la web de la Fundaci\u00f3<\/span><\/a><\/div><div class=\"fusion-clearfix\"><\/div><\/div><\/div><div class=\"fusion-one-half fusion-layout-column fusion-column-last fusion-spacing-yes\" style=\"margin-top:0px;margin-bottom:20px;\"><div class=\"fusion-column-wrapper fusion-animated\" data-animationType=\"fadeInLeft\" data-animationDuration=\"0.3\" data-animationOffset=\"100%\"><span class=\"fusion-imageframe imageframe-none imageframe-1 hover-type-none\"> <img src=\"http:\/\/www.masiaartesana.com\/wp-content\/uploads\/2016\/08\/fundacio.jpg\" alt=\"\" class=\"img-responsive\"\/><\/span><div class=\"fusion-clearfix\"><\/div><\/div><\/div><div class=\"fusion-clearfix\"><\/div><\/div><\/div><div class=\"fusion-fullwidth fullwidth-box fusion-fullwidth-2  fusion-parallax-none nonhundred-percent-fullwidth empresa-masia\" style=\"border-color:#eae9e9;border-bottom-width: 0px;border-top-width: 0px;border-bottom-style: solid;border-top-style: solid;padding-bottom:50px;padding-top:75px;padding-left:;padding-right:;background-color:#ebd5c3;background-position:center center;background-repeat:no-repeat;-webkit-background-size:cover;-moz-background-size:cover;-o-background-size:cover;background-size:cover;-ms-filter: &quot;progid:DXImageTransform.Microsoft.AlphaImageLoader(src=&#039;http:\/\/www.masiaartesana.com\/wp-content\/uploads\/2016\/08\/fons-fundacio2.jpg&#039;, sizingMethod=&#039;scale&#039;)&quot;;background-image: url(http:\/\/www.masiaartesana.com\/wp-content\/uploads\/2016\/08\/fons-fundacio2.jpg);\"><style type=\"text\/css\" scoped=\"scoped\">.fusion-fullwidth-2 {\n                            padding-left: px !important;\n                            padding-right: px !important;\n                        }<\/style><div class=\"fusion-row\"><h4>\u00c1mbitos de\u00a0intervenci\u00f3n<\/h4>\n<div class=\"fusion-one-half fusion-layout-column fusion-spacing-yes\" style=\"margin-top:0px;margin-bottom:20px;\"><div class=\"fusion-column-wrapper fusion-animated\" data-animationType=\"fadeInLeft\" data-animationDuration=\"0.3\" data-animationOffset=\"100%\"><h5><strong>Intervencio\u0301n psicoeducativa asistida con caballos<\/strong><\/h5>\n<p><strong>Grupales:<\/strong> actividades educativas vincula- das al a\u0301mbito curricular, dirigidas a la adquisicio\u0301n de habilidades de ajuste social y estrategias de aprendizaje (grupos de adaptacio\u0301n curricular de ESO, aulas abiertas, de acogida, aulas taller).<\/p>\n<p><strong>Individual:<\/strong> sesiones dirigidas al desarrollo de habilidades cognitivas, sociales, motrices y personales en nin\u0303os con necesidades educativas o cualquier necesidad de acompan\u0303amiento puntual: dificultades de aprendizaje, de\u0301ficit cognitivo, trastornos conductuales, de\u0301ficit de atencio\u0301n con o sin hiperactividad, bloqueo emocional, dificultad con las habilidades comunicativas, entre otros.<\/p>\n<h5><strong>Hipoter\u00e0pia<\/strong><\/h5>\n<p><strong>Individual:<\/strong> rehabilitaciones motrices, de\u0301ficits motores de distintos tipos, adquisicio\u0301n de patrones posturales positivos, entre otros (para\u0301lisis cerebral, retraso madurativo, etc.)..<\/p>\n<h5><strong>Actividades l\u00fadicas<\/strong><\/h5>\n<p><strong>Grupal:<\/strong> actividades asistidas con caballos realizadas puntualmente y dirigidas tanto a nin\u0303os como a adultos (entidades, instituciones, agrupaciones, asociaciones, entre otras)..<\/p>\n<h5><strong>Terapia con animales\/zooterapia<\/strong><\/h5>\n<p>El equipo de la <strong>Fundacio\u0301 La Manreana<\/strong> estructura actividades asistidas con distintos tipos de animales dome\u0301sticos o de granja, en funcio\u0301n de las caracteri\u0301sticas y los objetivos a trabajar.<\/p>\n<div class=\"fusion-clearfix\"><\/div><\/div><\/div><div class=\"fusion-one-half fusion-layout-column fusion-column-last fusion-spacing-yes text\" style=\"margin-top:0px;margin-bottom:20px;\"><div class=\"fusion-column-wrapper fusion-animated\" data-animationType=\"fadeInRight\" data-animationDuration=\"0.3\" data-animationOffset=\"100%\"><p>El uso de los animales dentro del a\u0301mbito de la terapia favorece una serie de factores:<\/p>\n<ul>\n<li>La empati\u0301a: capacidad de ponerse en el lugar del otro.<\/li>\n<li>El enfoque exterior: los animales ayudan a personas en procesos depresivos, con baja autoestima, con enfermedades mentales, etc., a cambiar el enfoque de su ambiente, consiguiendo que trasladen su centro de intere\u0301s de sus problemas a los animales con los que interactu\u0301an.<\/li>\n<li>Incremento de las relaciones, ya que la relacio\u0301n con los animales permite la apertura de los distintos canales comunicativos.<\/li>\n<li>Sentimiento de aceptacio\u0301n. El animal no nos juzga y acepta nuestra presencia tal y como somos.<\/li>\n<li>Mejora de la socializacio\u0301n entre las personas, sobre todo las que se encuentran institucionalizadas, disminuyendo la ansiedad y el estre\u0301s, mejorando el estado de a\u0301nimo y disminuyendo el sentimiento de aislamiento.<\/li>\n<li>Esti\u0301mulo mental, ya que al incrementar la comunicacio\u0301n se ayuda a la activacio\u0301n de los recuerdos personales.<\/li>\n<li>Beneficios \u00a0fisiolo\u0301gicos.<\/li>\n<\/ul>\n<h5><strong>Talleres adaptados de la granja escuela<\/strong><\/h5>\n<p>Tene\u0301is la posibilidad de realizar los talleres que ofrece la granja escuela, como por ejemplo el de la leche y sus derivados, la elaboracio\u0301n de pan, el huerto, los derivados del cerdo&#8230; Siempre adaptados a las necesidades del grupo a quien destinamos la actividad.<\/p>\n<p>Consultar la posibilidad de organizar estancias de m\u00e1s de una noche combinando algunos de los \u00e1mbitos de intervenci\u00f3n.<\/p>\n<p>Se dise\u00f1an programas de actividades con lengua de signos con la colaboraci\u00f3n de la <strong style=\"line-height: 1.5;\">Associaci\u00f3 Deixa\u2019ns Signar<\/strong><span style=\"line-height: 1.5;\">.<\/span><\/p>\n<div class=\"fusion-clearfix\"><\/div><\/div><\/div><div class=\"fusion-clearfix\"><\/div><\/div><\/div>\n","protected":false},"excerpt":{"rendered":"","protected":false},"author":4,"featured_media":0,"parent":0,"menu_order":25,"comment_status":"closed","ping_status":"closed","template":"","meta":{"_monsterinsights_skip_tracking":false,"_monsterinsights_sitenote_active":false,"_monsterinsights_sitenote_note":"","_monsterinsights_sitenote_category":0},"_links":{"self":[{"href":"https:\/\/www.masiaartesana.com\/es\/wp-json\/wp\/v2\/pages\/5327"}],"collection":[{"href":"https:\/\/www.masiaartesana.com\/es\/wp-json\/wp\/v2\/pages"}],"about":[{"href":"https:\/\/www.masiaartesana.com\/es\/wp-json\/wp\/v2\/types\/page"}],"author":[{"embeddable":true,"href":"https:\/\/www.masiaartesana.com\/es\/wp-json\/wp\/v2\/users\/4"}],"replies":[{"embeddable":true,"href":"https:\/\/www.masiaartesana.com\/es\/wp-json\/wp\/v2\/comments?post=5327"}],"version-history":[{"count":0,"href":"https:\/\/www.masiaartesana.com\/es\/wp-json\/wp\/v2\/pages\/5327\/revisions"}],"wp:attachment":[{"href":"https:\/\/www.masiaartesana.com\/es\/wp-json\/wp\/v2\/media?parent=5327"}],"curies":[{"name":"wp","href":"https:\/\/api.w.org\/{rel}","templated":true}]}}